{"id":2391,"date":"2020-03-16T13:49:31","date_gmt":"2020-03-16T12:49:31","guid":{"rendered":"https:\/\/gutvonbeiden.com\/site-notice\/"},"modified":"2024-07-12T05:39:04","modified_gmt":"2024-07-12T03:39:04","slug":"site-notice","status":"publish","type":"page","link":"https:\/\/gutvonbeiden.com\/en\/site-notice\/","title":{"rendered":"Site notice"},"content":{"rendered":"<p>[et_pb_section fb_built=&#8221;1&#8243; custom_padding_last_edited=&#8221;on|phone&#8221; _builder_version=&#8221;4.17.0&#8243; _module_preset=&#8221;default&#8221; background_color=&#8221;RGBA(255,255,255,0)&#8221; background_image=&#8221;https:\/\/gutvonbeiden.com\/wp-content\/uploads\/bg-muster-gut-von-beiden.svg&#8221; custom_padding_tablet=&#8221;20px||||false|false&#8221; custom_padding_phone=&#8221;10px||||false|false&#8221; animation_style=&#8221;fade&#8221; custom_css_main_element=&#8221;background-attachment: fixed;&#8221; global_colors_info=&#8221;{}&#8221;][et_pb_row _builder_version=&#8221;4.16&#8243; _module_preset=&#8221;default&#8221; custom_padding=&#8221;||0px||false|false&#8221; global_colors_info=&#8221;{}&#8221;][et_pb_column type=&#8221;4_4&#8243; _builder_version=&#8221;4.16&#8243; _module_preset=&#8221;default&#8221; global_colors_info=&#8221;{}&#8221;][et_pb_text _builder_version=&#8221;4.17.0&#8243; _module_preset=&#8221;_initial&#8221; global_colors_info=&#8221;{}&#8221;]<\/p>\n<h1>Site notice<\/h1>\n<p>[\/et_pb_text][\/et_pb_column][\/et_pb_row][et_pb_row column_structure=&#8221;1_2,1_2&#8243; _builder_version=&#8221;4.16&#8243; _module_preset=&#8221;default&#8221; global_colors_info=&#8221;{}&#8221;][et_pb_column type=&#8221;1_2&#8243; _builder_version=&#8221;4.16&#8243; _module_preset=&#8221;default&#8221; global_colors_info=&#8221;{}&#8221;][et_pb_text _builder_version=&#8221;4.26.0&#8243; _module_preset=&#8221;default&#8221; custom_margin=&#8221;||20px||false|false&#8221; hover_enabled=&#8221;0&#8243; header_font_size_tablet=&#8221;&#8221; header_font_size_phone=&#8221;&#8221; header_font_size_last_edited=&#8221;on|tablet&#8221; global_colors_info=&#8221;{}&#8221; sticky_enabled=&#8221;0&#8243;]<\/p>\n<h3>Information according to \u00a7 5 TMG<\/h3>\n<p><strong>Weingut Philipp M\u00fcller<\/strong><br \/>Hauptstr. 25<br \/>67483 Kleinfischlingen<\/p>\n<p><strong>Represented by:<\/strong><br \/>Philipp M\u00fcller<\/p>\n<p>[\/et_pb_text][et_pb_text _builder_version=&#8221;4.17.3&#8243; _module_preset=&#8221;default&#8221; custom_margin=&#8221;||20px||false|false&#8221; global_colors_info=&#8221;{}&#8221;]<\/p>\n<p><strong>Eco-inspection bodies No.<\/strong> DE-\u00d6KO-022<\/p>\n<p>[\/et_pb_text][et_pb_text _builder_version=&#8221;4.17.3&#8243; _module_preset=&#8221;default&#8221; custom_margin=&#8221;||0px||false|false&#8221; header_font_size_tablet=&#8221;&#8221; header_font_size_phone=&#8221;&#8221; header_font_size_last_edited=&#8221;on|tablet&#8221; global_colors_info=&#8221;{}&#8221;]<\/p>\n<h3>Contact<\/h3>\n<p>[\/et_pb_text][et_pb_blurb use_icon=&#8221;on&#8221; font_icon=&#8221;&#xe090;||divi||400&#8243; icon_color=&#8221;#8288B2&#8243; icon_placement=&#8221;left&#8221; image_icon_width=&#8221;18px&#8221; content_max_width=&#8221;100%&#8221; _builder_version=&#8221;4.17.0&#8243; _module_preset=&#8221;default&#8221; custom_margin=&#8221;||0px||false|false&#8221; custom_padding=&#8221;||||false|false&#8221; global_colors_info=&#8221;{}&#8221;]<\/p>\n<p>+49 6347 700896<\/p>\n<p>[\/et_pb_blurb][et_pb_blurb use_icon=&#8221;on&#8221; font_icon=&#8221;&#xf1ac;||fa||900&#8243; icon_color=&#8221;#8288B2&#8243; icon_placement=&#8221;left&#8221; image_icon_width=&#8221;18px&#8221; content_max_width=&#8221;100%&#8221; _builder_version=&#8221;4.17.0&#8243; _module_preset=&#8221;default&#8221; custom_margin=&#8221;||0px||false|false&#8221; custom_padding=&#8221;||||false|false&#8221; global_colors_info=&#8221;{}&#8221;]<\/p>\n<p>+49 6347 700897<\/p>\n<p>[\/et_pb_blurb][et_pb_blurb use_icon=&#8221;on&#8221; font_icon=&#8221;&#xe076;||divi||400&#8243; icon_color=&#8221;#8288B2&#8243; icon_placement=&#8221;left&#8221; image_icon_width=&#8221;18px&#8221; content_max_width=&#8221;100%&#8221; _builder_version=&#8221;4.17.0&#8243; _module_preset=&#8221;default&#8221; custom_margin=&#8221;||20px||false|false&#8221; custom_padding=&#8221;||||false|false&#8221; global_colors_info=&#8221;{}&#8221;]<\/p>\n<p><a href=\"&#109;&#x61;i&#x6c;&#x74;&#111;&#x3a;w&#x65;&#x69;&#110;&#x40;g&#x75;&#x74;&#118;&#x6f;n&#x62;&#x65;&#105;&#x64;e&#x6e;&#x2e;&#99;&#x6f;m\" title=\"Write email\">w&#101;&#105;&#x6e;&#x40;&#x67;u&#116;&#118;&#x6f;&#x6e;&#x62;ei&#100;&#x65;&#x6e;&#x2e;co&#109;<\/a><\/p>\n<p>[\/et_pb_blurb][et_pb_text _builder_version=&#8221;4.26.0&#8243; _module_preset=&#8221;default&#8221; custom_margin=&#8221;||||false|false&#8221; hover_enabled=&#8221;0&#8243; locked=&#8221;off&#8221; global_colors_info=&#8221;{}&#8221; sticky_enabled=&#8221;0&#8243;]<\/p>\n<h3>Editorial responsibility<\/h3>\n<p>Philipp M\u00fcller<br \/>Hauptstr. 25<br \/>67483 Kleinfischlingen<\/p>\n<p>[\/et_pb_text][\/et_pb_column][et_pb_column type=&#8221;1_2&#8243; _builder_version=&#8221;4.16&#8243; _module_preset=&#8221;default&#8221; global_colors_info=&#8221;{}&#8221;][et_pb_text _builder_version=&#8221;4.17.3&#8243; _module_preset=&#8221;default&#8221; global_colors_info=&#8221;{}&#8221;]<\/p>\n<h3>EU dispute resolution<\/h3>\n<p>The European Commission provides a platform for online dispute resolution (ODR): <a href=\"https:\/\/ec.europa.eu\/consumers\/odr\/\" target=\"_blank\" rel=\"noopener\" title=\"to the website\">https:\/\/ec.europa.eu\/consumers\/odr\/<\/a><\/p>\n<p>You can find our email address in the imprint above.<\/p>\n<p>[\/et_pb_text][et_pb_text _builder_version=&#8221;4.17.3&#8243; _module_preset=&#8221;default&#8221; global_colors_info=&#8221;{}&#8221;]<\/p>\n<h3>Consumer dispute resolution\/<br \/>Universal conciliation board<\/h3>\n<p>We are not willing or obliged to participate in dispute resolution proceedings before a consumer arbitration board.<\/p>\n<p>[\/et_pb_text][et_pb_text _builder_version=&#8221;4.16&#8243; _module_preset=&#8221;default&#8221; global_colors_info=&#8221;{}&#8221;]<\/p>\n<h3>Image sources<\/h3>\n<p>Product photos: Alexander Theis<br \/><a href=\"https:\/\/www.freepik.com\/free-vector\/wine-black-doodle-icons-set_2870645.htm\">Wine Doodle Set<\/a> \u2013 \u00a9 macrovector | freepik.com<\/p>\n<p>[\/et_pb_text][\/et_pb_column][\/et_pb_row][\/et_pb_section]<\/p>\n<span class=\"et_bloom_bottom_trigger\"><\/span>","protected":false},"excerpt":{"rendered":"<p>Site noticeInformation according to \u00a7 5 TMG Weingut Philipp M\u00fcllerHauptstr. 2567483 Kleinfischlingen Represented by:Philipp M\u00fcllerEco-inspection bodies No. DE-\u00d6KO-022Contact+49 6347 700896+49 6347 &#55;&#48;&#x30;8&#57;&#x37;&#x77;e&#105;&#x6e;&#x40;g&#117;&#x74;&#x76;o&#110;&#x62;&#x65;i&#100;&#x65;&#x6e;&#46;&#99;&#x6f;m&#69;&#100;&#x69;t&#111;&#x72;&#x69;a&#108; responsibility Philipp M\u00fcllerHauptstr. 2567483 KleinfischlingenEU dispute resolution The European Commission provides a platform for online dispute resolution (ODR): https:\/\/ec.europa.eu\/consumers\/odr\/ You can find our email address in the imprint above.Consumer dispute resolution\/Universal conciliation board [&hellip;]<\/p>\n","protected":false},"author":2,"featured_media":0,"parent":0,"menu_order":1000,"comment_status":"closed","ping_status":"closed","template":"","meta":{"_et_pb_use_builder":"on","_et_pb_old_content":"","_et_gb_content_width":"","footnotes":""},"dipi_cpt_category":[],"class_list":["post-2391","page","type-page","status-publish","hentry"],"yoast_head":"<!-- This site is optimized with the Yoast SEO plugin v27.1.1 - https:\/\/yoast.com\/product\/yoast-seo-wordpress\/ -->\n<title>Site notice - Weingut Philipp M\u00fcller<\/title>\n<meta name=\"robots\" content=\"noindex, follow\" \/>\n<meta property=\"og:locale\" content=\"en_US\" \/>\n<meta property=\"og:type\" content=\"article\" \/>\n<meta property=\"og:title\" content=\"Site notice - Weingut Philipp M\u00fcller\" \/>\n<meta property=\"og:description\" content=\"Site noticeInformation according to \u00a7 5 TMG Weingut Philipp M\u00fcllerHauptstr. 2567483 Kleinfischlingen Represented by:Philipp M\u00fcllerEco-inspection bodies No. DE-\u00d6KO-022Contact+49 6347 700896+49 6347 700897wein@gutvonbeiden.comEditorial responsibility Philipp M\u00fcllerHauptstr. 2567483 KleinfischlingenEU dispute resolution The European Commission provides a platform for online dispute resolution (ODR): https:\/\/ec.europa.eu\/consumers\/odr\/ You can find our email address in the imprint above.Consumer dispute resolution\/Universal conciliation board [&hellip;]\" \/>\n<meta property=\"og:url\" content=\"https:\/\/gutvonbeiden.com\/en\/site-notice\/\" \/>\n<meta property=\"og:site_name\" content=\"Weingut Philipp M\u00fcller\" \/>\n<meta property=\"article:publisher\" content=\"https:\/\/www.facebook.com\/gutvonbeiden\" \/>\n<meta property=\"article:modified_time\" content=\"2024-07-12T03:39:04+00:00\" \/>\n<meta name=\"twitter:card\" content=\"summary_large_image\" \/>\n<meta name=\"twitter:label1\" content=\"Est. reading time\" \/>\n\t<meta name=\"twitter:data1\" content=\"3 minutes\" \/>\n<script type=\"application\/ld+json\" class=\"yoast-schema-graph\">{\"@context\":\"https:\/\/schema.org\",\"@graph\":[{\"@type\":\"WebPage\",\"@id\":\"https:\/\/gutvonbeiden.com\/en\/site-notice\/\",\"url\":\"https:\/\/gutvonbeiden.com\/en\/site-notice\/\",\"name\":\"Site notice - Weingut Philipp M\u00fcller\",\"isPartOf\":{\"@id\":\"https:\/\/gutvonbeiden.com\/en\/#website\"},\"datePublished\":\"2020-03-16T12:49:31+00:00\",\"dateModified\":\"2024-07-12T03:39:04+00:00\",\"breadcrumb\":{\"@id\":\"https:\/\/gutvonbeiden.com\/en\/site-notice\/#breadcrumb\"},\"inLanguage\":\"en-US\",\"potentialAction\":[{\"@type\":\"ReadAction\",\"target\":[\"https:\/\/gutvonbeiden.com\/en\/site-notice\/\"]}]},{\"@type\":\"BreadcrumbList\",\"@id\":\"https:\/\/gutvonbeiden.com\/en\/site-notice\/#breadcrumb\",\"itemListElement\":[{\"@type\":\"ListItem\",\"position\":1,\"name\":\"Startseite\",\"item\":\"https:\/\/gutvonbeiden.com\/en\/homepage\/\"},{\"@type\":\"ListItem\",\"position\":2,\"name\":\"Site notice\"}]},{\"@type\":\"WebSite\",\"@id\":\"https:\/\/gutvonbeiden.com\/en\/#website\",\"url\":\"https:\/\/gutvonbeiden.com\/en\/\",\"name\":\"Weingut Philipp M\u00fcller\",\"description\":\"\",\"publisher\":{\"@id\":\"https:\/\/gutvonbeiden.com\/en\/#organization\"},\"potentialAction\":[{\"@type\":\"SearchAction\",\"target\":{\"@type\":\"EntryPoint\",\"urlTemplate\":\"https:\/\/gutvonbeiden.com\/en\/?s={search_term_string}\"},\"query-input\":{\"@type\":\"PropertyValueSpecification\",\"valueRequired\":true,\"valueName\":\"search_term_string\"}}],\"inLanguage\":\"en-US\"},{\"@type\":\"Organization\",\"@id\":\"https:\/\/gutvonbeiden.com\/en\/#organization\",\"name\":\"Gut von Beiden\",\"url\":\"https:\/\/gutvonbeiden.com\/en\/\",\"logo\":{\"@type\":\"ImageObject\",\"inLanguage\":\"en-US\",\"@id\":\"https:\/\/gutvonbeiden.com\/en\/#\/schema\/logo\/image\/\",\"url\":\"https:\/\/gutvonbeiden.com\/wp-content\/uploads\/gut-von-beiden-logo.svg\",\"contentUrl\":\"https:\/\/gutvonbeiden.com\/wp-content\/uploads\/gut-von-beiden-logo.svg\",\"width\":1,\"height\":1,\"caption\":\"Gut von Beiden\"},\"image\":{\"@id\":\"https:\/\/gutvonbeiden.com\/en\/#\/schema\/logo\/image\/\"},\"sameAs\":[\"https:\/\/www.facebook.com\/gutvonbeiden\",\"https:\/\/www.instagram.com\/gutvonbeiden\"]}]}<\/script>\n<!-- \/ Yoast SEO plugin. -->","yoast_head_json":{"title":"Site notice - Weingut Philipp M\u00fcller","robots":{"index":"noindex","follow":"follow"},"og_locale":"en_US","og_type":"article","og_title":"Site notice - Weingut Philipp M\u00fcller","og_description":"Site noticeInformation according to \u00a7 5 TMG Weingut Philipp M\u00fcllerHauptstr. 2567483 Kleinfischlingen Represented by:Philipp M\u00fcllerEco-inspection bodies No. DE-\u00d6KO-022Contact+49 6347 700896+49 6347 700897wein@gutvonbeiden.comEditorial responsibility Philipp M\u00fcllerHauptstr. 2567483 KleinfischlingenEU dispute resolution The European Commission provides a platform for online dispute resolution (ODR): https:\/\/ec.europa.eu\/consumers\/odr\/ You can find our email address in the imprint above.Consumer dispute resolution\/Universal conciliation board [&hellip;]","og_url":"https:\/\/gutvonbeiden.com\/en\/site-notice\/","og_site_name":"Weingut Philipp M\u00fcller","article_publisher":"https:\/\/www.facebook.com\/gutvonbeiden","article_modified_time":"2024-07-12T03:39:04+00:00","twitter_card":"summary_large_image","twitter_misc":{"Est. reading time":"3 minutes"},"schema":{"@context":"https:\/\/schema.org","@graph":[{"@type":"WebPage","@id":"https:\/\/gutvonbeiden.com\/en\/site-notice\/","url":"https:\/\/gutvonbeiden.com\/en\/site-notice\/","name":"Site notice - Weingut Philipp M\u00fcller","isPartOf":{"@id":"https:\/\/gutvonbeiden.com\/en\/#website"},"datePublished":"2020-03-16T12:49:31+00:00","dateModified":"2024-07-12T03:39:04+00:00","breadcrumb":{"@id":"https:\/\/gutvonbeiden.com\/en\/site-notice\/#breadcrumb"},"inLanguage":"en-US","potentialAction":[{"@type":"ReadAction","target":["https:\/\/gutvonbeiden.com\/en\/site-notice\/"]}]},{"@type":"BreadcrumbList","@id":"https:\/\/gutvonbeiden.com\/en\/site-notice\/#breadcrumb","itemListElement":[{"@type":"ListItem","position":1,"name":"Startseite","item":"https:\/\/gutvonbeiden.com\/en\/homepage\/"},{"@type":"ListItem","position":2,"name":"Site notice"}]},{"@type":"WebSite","@id":"https:\/\/gutvonbeiden.com\/en\/#website","url":"https:\/\/gutvonbeiden.com\/en\/","name":"Weingut Philipp M\u00fcller","description":"","publisher":{"@id":"https:\/\/gutvonbeiden.com\/en\/#organization"},"potentialAction":[{"@type":"SearchAction","target":{"@type":"EntryPoint","urlTemplate":"https:\/\/gutvonbeiden.com\/en\/?s={search_term_string}"},"query-input":{"@type":"PropertyValueSpecification","valueRequired":true,"valueName":"search_term_string"}}],"inLanguage":"en-US"},{"@type":"Organization","@id":"https:\/\/gutvonbeiden.com\/en\/#organization","name":"Gut von Beiden","url":"https:\/\/gutvonbeiden.com\/en\/","logo":{"@type":"ImageObject","inLanguage":"en-US","@id":"https:\/\/gutvonbeiden.com\/en\/#\/schema\/logo\/image\/","url":"https:\/\/gutvonbeiden.com\/wp-content\/uploads\/gut-von-beiden-logo.svg","contentUrl":"https:\/\/gutvonbeiden.com\/wp-content\/uploads\/gut-von-beiden-logo.svg","width":1,"height":1,"caption":"Gut von Beiden"},"image":{"@id":"https:\/\/gutvonbeiden.com\/en\/#\/schema\/logo\/image\/"},"sameAs":["https:\/\/www.facebook.com\/gutvonbeiden","https:\/\/www.instagram.com\/gutvonbeiden"]}]}},"_links":{"self":[{"href":"https:\/\/gutvonbeiden.com\/en\/wp-json\/wp\/v2\/pages\/2391","targetHints":{"allow":["GET"]}}],"collection":[{"href":"https:\/\/gutvonbeiden.com\/en\/wp-json\/wp\/v2\/pages"}],"about":[{"href":"https:\/\/gutvonbeiden.com\/en\/wp-json\/wp\/v2\/types\/page"}],"author":[{"embeddable":true,"href":"https:\/\/gutvonbeiden.com\/en\/wp-json\/wp\/v2\/users\/2"}],"replies":[{"embeddable":true,"href":"https:\/\/gutvonbeiden.com\/en\/wp-json\/wp\/v2\/comments?post=2391"}],"version-history":[{"count":4,"href":"https:\/\/gutvonbeiden.com\/en\/wp-json\/wp\/v2\/pages\/2391\/revisions"}],"predecessor-version":[{"id":3850,"href":"https:\/\/gutvonbeiden.com\/en\/wp-json\/wp\/v2\/pages\/2391\/revisions\/3850"}],"wp:attachment":[{"href":"https:\/\/gutvonbeiden.com\/en\/wp-json\/wp\/v2\/media?parent=2391"}],"wp:term":[{"taxonomy":"dipi_cpt_category","embeddable":true,"href":"https:\/\/gutvonbeiden.com\/en\/wp-json\/wp\/v2\/dipi_cpt_category?post=2391"}],"curies":[{"name":"wp","href":"https:\/\/api.w.org\/{rel}","templated":true}]}}