{"id":2414,"date":"2022-10-18T12:09:30","date_gmt":"2022-10-18T10:09:30","guid":{"rendered":"https:\/\/gutvonbeiden.com\/newsletter\/"},"modified":"2023-02-24T14:37:52","modified_gmt":"2023-02-24T13:37:52","slug":"newsletter","status":"publish","type":"page","link":"https:\/\/gutvonbeiden.com\/en\/newsletter\/","title":{"rendered":"Newsletter subscription"},"content":{"rendered":"<p>[et_pb_section fb_built=&#8221;1&#8243; _builder_version=&#8221;4.17.6&#8243; _module_preset=&#8221;default&#8221; background_color=&#8221;RGBA(255,255,255,0)&#8221; background_image=&#8221;https:\/\/gutvonbeiden.com\/wp-content\/uploads\/bg-muster-gut-von-beiden.svg&#8221; animation_style=&#8221;fade&#8221; custom_css_main_element=&#8221;background-attachment: fixed;&#8221; global_colors_info=&#8221;{}&#8221;][et_pb_row _builder_version=&#8221;4.16&#8243; _module_preset=&#8221;default&#8221; custom_padding=&#8221;||0px||false|false&#8221; global_colors_info=&#8221;{}&#8221;][et_pb_column type=&#8221;4_4&#8243; _builder_version=&#8221;4.16&#8243; _module_preset=&#8221;default&#8221; global_colors_info=&#8221;{}&#8221;][et_pb_text _builder_version=&#8221;4.17.6&#8243; _module_preset=&#8221;default&#8221; global_colors_info=&#8221;{}&#8221;]<\/p>\n<h1>Newsletter subscription<\/h1>\n<p>[\/et_pb_text][\/et_pb_column][\/et_pb_row][et_pb_row _builder_version=&#8221;4.16&#8243; _module_preset=&#8221;default&#8221; global_colors_info=&#8221;{}&#8221;][et_pb_column type=&#8221;4_4&#8243; _builder_version=&#8221;4.16&#8243; _module_preset=&#8221;default&#8221; global_colors_info=&#8221;{}&#8221;][et_pb_code _builder_version=&#8221;4.17.6&#8243; _module_preset=&#8221;default&#8221; max_width=&#8221;1000px&#8221; module_alignment=&#8221;left&#8221; custom_padding=&#8221;||||false|false&#8221; box_shadow_style=&#8221;preset3&#8243; global_colors_info=&#8221;{}&#8221;]<div class=\"et_bloom_inline_form et_bloom_optin et_bloom_make_form_visible et_bloom_optin_4\" style=\"display: none;\">\n\t\t\t\t<style type=\"text\/css\">.et_bloom .et_bloom_optin_4 .et_bloom_form_content { background-color: #6b7377 !important; } .et_bloom .et_bloom_optin_4 .et_bloom_form_container .et_bloom_form_header { background-color: #fffef5 !important; } .et_bloom .et_bloom_optin_4 .carrot_edge .et_bloom_form_content:before { border-top-color: #fffef5 !important; } .et_bloom .et_bloom_optin_4 .carrot_edge.et_bloom_form_right .et_bloom_form_content:before, .et_bloom .et_bloom_optin_4 .carrot_edge.et_bloom_form_left .et_bloom_form_content:before { border-top-color: transparent !important; border-left-color: #fffef5 !important; }\n\t\t\t\t\t\t@media only screen and ( max-width: 767px ) {.et_bloom .et_bloom_optin_4 .carrot_edge.et_bloom_form_right .et_bloom_form_content:before { border-top-color: #fffef5 !important; border-left-color: transparent !important; }.et_bloom .et_bloom_optin_4 .carrot_edge.et_bloom_form_left .et_bloom_form_content:after { border-bottom-color: #fffef5 !important; border-left-color: transparent !important; }\n\t\t\t\t\t\t}.et_bloom .et_bloom_optin_4 .et_bloom_form_content button { background-color: #cbc034 !important; } .et_bloom .et_bloom_optin_4 .et_bloom_form_content .et_bloom_fields i { color: #cbc034 !important; } .et_bloom .et_bloom_optin_4 .et_bloom_form_content .et_bloom_custom_field_radio i:before { background: #cbc034 !important; } .et_bloom .et_bloom_optin_4 .et_bloom_form_content button { background-color: #cbc034 !important; } .et_bloom .et_bloom_optin_4 .et_bloom_form_container h2, .et_bloom .et_bloom_optin_4 .et_bloom_form_container h2 span, .et_bloom .et_bloom_optin_4 .et_bloom_form_container h2 strong { font-family: \"Verdana\", Helvetica, Arial, Lucida, sans-serif; }.et_bloom .et_bloom_optin_4 .et_bloom_form_container p, .et_bloom .et_bloom_optin_4 .et_bloom_form_container p span, .et_bloom .et_bloom_optin_4 .et_bloom_form_container p strong, .et_bloom .et_bloom_optin_4 .et_bloom_form_container form input, .et_bloom .et_bloom_optin_4 .et_bloom_form_container form button span { font-family: \"Verdana\", Helvetica, Arial, Lucida, sans-serif; } <\/style>\n\t\t\t\t<div class=\"et_bloom_form_container  with_edge carrot_edge et_bloom_form_text_dark et_bloom_form_right et_bloom_inline_1_field\">\n\t\t\t\t\t\n\t\t\t<div class=\"et_bloom_form_container_wrapper clearfix et_bloom_with_custom_fields\">\n\t\t\t\t<div class=\"et_bloom_header_outer\">\n\t\t\t\t\t<div class=\"et_bloom_form_header et_bloom_header_text_dark\">\n\t\t\t\t\t\t<img decoding=\"async\" width=\"300\" height=\"226\" src=\"https:\/\/gutvonbeiden.com\/wp-content\/uploads\/bloom-newsletter-popup.png\" class=\" et_bloom_image_fadein et_bloom_image\" alt=\"\" \/>\n\t\t\t\t\t\t<div class=\"et_bloom_form_text\">\n\t\t\t\t\t\t<h2>GutNewsletter - Anmeldung<\/h2><p>Melde\u00a0dich zu unserem Newsletter an, um auf dem Laufenden zu bleiben.<\/p>\n\t\t\t\t\t<\/div>\n\t\t\t\t\t\t\n\t\t\t\t\t<\/div>\n\t\t\t\t<\/div>\n\t\t\t\t<div class=\"et_bloom_form_content et_bloom_1_field\">\n\t\t\t\t\t\n\t\t\t\t\t\n\t\t\t\t\t<form method=\"post\" class=\"clearfix\">\n\t\t\t\t\t\t<div class=\"et_bloom_fields\">\n\t\t\t\t\t\t\t\n\t\t\t\t\t\t\t<p class=\"et_bloom_popup_input et_bloom_subscribe_email\">\n\t\t\t\t\t\t\t\t<input placeholder=\"E-Mail *\">\n\t\t\t\t\t\t\t<\/p>\n\t\t\t\t\t\t\t<p class=\"et_bloom_custom_field et_bloom_fullwidth_field et_bloom_popup_input\"><input type=\"text\" name=\"et_bloom_custom_field_optin_4_VORNAME\" data-id=\"VORNAME\" placeholder=\"Vorname\" data-field_type=\"input\" data-required_mark=\"not_required\" \/><\/p><p class=\"et_bloom_custom_field et_bloom_fullwidth_field et_bloom_popup_input\"><input type=\"text\" name=\"et_bloom_custom_field_optin_4_NAME\" data-id=\"NAME\" placeholder=\"Nachname\" data-field_type=\"input\" data-required_mark=\"not_required\" \/><\/p><p class=\"et_bloom_custom_field et_bloom_fullwidth_field\"><input class=\"et_bloom_checkbox_handle\" type=\"hidden\" name=\"et_bloom_custom_field_optin_4_OPT_IN\" data-field_type=\"checkbox\" data-id=\"OPT_IN\" data-required_mark=\"required\">\n\t\t\t\t\t\t<span class=\"et_bloom_custom_field_options_wrapper\">\n\t\t\t\t\t\t\t<span class=\"et_bloom_custom_field_options_title\"><\/span>\n\t\t\t\t\t\t\t<span class=\"et_bloom_custom_field_options_list\"><span class=\"et_bloom_custom_field_checkbox\">\n\t\t\t\t\t\t\t\t<input type=\"checkbox\" id=\"et_bloom_custom_field_optin_4_OPT_IN_0\" value=\"Ich erkl\u00e4re mich damit einverstanden, dass meine Daten zur Bearbeitung meines Anliegens verwendet werden. Weitere Informationen zum Datenschutz und Widerruf findest du in der \" data-id=\"0\"\/>\n\t\t\t\t\t\t\t\t<label for=\"et_bloom_custom_field_optin_4_OPT_IN_0\"><i><\/i>Ich erkl\u00e4re mich damit einverstanden, dass meine Daten zur Bearbeitung meines Anliegens verwendet werden. Weitere Informationen zum Datenschutz und Widerruf findest du in der  <a href=\"\/datenschutz\">Datenschutzerkl\u00e4rung.*<\/a><\/label>\n\t\t\t\t\t\t\t<\/span><\/span>\n\t\t\t\t\t\t<\/span><\/p>\n\t\t\t\t\t\t\t<button data-optin_id=\"optin_4\" data-service=\"sendinblue\" data-list_id=\"10\" data-page_id=\"2414\" data-account=\"Gut von Beiden\" data-ip_address=\"false\" class=\"et_bloom_submit_subscription\">\n\t\t\t\t\t\t\t\t<span class=\"et_bloom_subscribe_loader\"><\/span>\n\t\t\t\t\t\t\t\t<span class=\"et_bloom_button_text et_bloom_button_text_color_light\">anmelden<\/span>\n\t\t\t\t\t\t\t<\/button>\n\t\t\t\t\t\t<\/div>\n\t\t\t\t\t<\/form>\n\t\t\t\t\t<div class=\"et_bloom_success_container\">\n\t\t\t\t\t\t<span class=\"et_bloom_success_checkmark\"><\/span>\n\t\t\t\t\t<\/div>\n\t\t\t\t\t<h2 class=\"et_bloom_success_message\">Du hast dich erfolgreich angemeldet! Bitte \u00fcberpr\u00fcfe deinen Posteingang, um dein Abonnement zu best\u00e4tigen.<\/h2>\n\t\t\t\t\t<div class=\"et_bloom_form_footer\"><p>Du kannst\u00a0den Newsletter jederzeit \u00fcber den Link in unserem Newsletter abbestellen.<\/p><\/div>\n\t\t\t\t<\/div>\n\t\t\t<\/div>\n\t\t\t<span class=\"et_bloom_close_button\"><\/span>\n\t\t\t\t<\/div>\n\t\t\t<\/div>[\/et_pb_code][\/et_pb_column][\/et_pb_row][\/et_pb_section]<\/p>\n<span class=\"et_bloom_bottom_trigger\"><\/span>","protected":false},"excerpt":{"rendered":"<p>Newsletter subscription<div class=\"et_bloom_inline_form et_bloom_optin et_bloom_make_form_visible et_bloom_optin_4\" style=\"display: none;\">\n\t\t\t\t<style type=\"text\/css\">.et_bloom .et_bloom_optin_4 .et_bloom_form_content { background-color: #6b7377 !important; } .et_bloom .et_bloom_optin_4 .et_bloom_form_container .et_bloom_form_header { background-color: #fffef5 !important; } .et_bloom .et_bloom_optin_4 .carrot_edge .et_bloom_form_content:before { border-top-color: #fffef5 !important; } .et_bloom .et_bloom_optin_4 .carrot_edge.et_bloom_form_right .et_bloom_form_content:before, .et_bloom .et_bloom_optin_4 .carrot_edge.et_bloom_form_left .et_bloom_form_content:before { border-top-color: transparent !important; border-left-color: #fffef5 !important; }\n\t\t\t\t\t\t@media only screen and ( max-width: 767px ) {.et_bloom .et_bloom_optin_4 .carrot_edge.et_bloom_form_right .et_bloom_form_content:before { border-top-color: #fffef5 !important; border-left-color: transparent !important; }.et_bloom .et_bloom_optin_4 .carrot_edge.et_bloom_form_left .et_bloom_form_content:after { border-bottom-color: #fffef5 !important; border-left-color: transparent !important; }\n\t\t\t\t\t\t}.et_bloom .et_bloom_optin_4 .et_bloom_form_content button { background-color: #cbc034 !important; } .et_bloom .et_bloom_optin_4 .et_bloom_form_content .et_bloom_fields i { color: #cbc034 !important; } .et_bloom .et_bloom_optin_4 .et_bloom_form_content .et_bloom_custom_field_radio i:before { background: #cbc034 !important; } .et_bloom .et_bloom_optin_4 .et_bloom_form_content button { background-color: #cbc034 !important; } .et_bloom .et_bloom_optin_4 .et_bloom_form_container h2, .et_bloom .et_bloom_optin_4 .et_bloom_form_container h2 span, .et_bloom .et_bloom_optin_4 .et_bloom_form_container h2 strong { font-family: \"Verdana\", Helvetica, Arial, Lucida, sans-serif; }.et_bloom .et_bloom_optin_4 .et_bloom_form_container p, .et_bloom .et_bloom_optin_4 .et_bloom_form_container p span, .et_bloom .et_bloom_optin_4 .et_bloom_form_container p strong, .et_bloom .et_bloom_optin_4 .et_bloom_form_container form input, .et_bloom .et_bloom_optin_4 .et_bloom_form_container form button span { font-family: \"Verdana\", Helvetica, Arial, Lucida, sans-serif; } <\/style>\n\t\t\t\t<div class=\"et_bloom_form_container  with_edge carrot_edge et_bloom_form_text_dark et_bloom_form_right et_bloom_inline_1_field\">\n\t\t\t\t\t\n\t\t\t<div class=\"et_bloom_form_container_wrapper clearfix et_bloom_with_custom_fields\">\n\t\t\t\t<div class=\"et_bloom_header_outer\">\n\t\t\t\t\t<div class=\"et_bloom_form_header et_bloom_header_text_dark\">\n\t\t\t\t\t\t<img width=\"300\" height=\"226\" src=\"https:\/\/gutvonbeiden.com\/wp-content\/uploads\/bloom-newsletter-popup.png\" class=\" et_bloom_image_fadein et_bloom_image\" alt=\"\" decoding=\"async\" \/>\n\t\t\t\t\t\t<div class=\"et_bloom_form_text\">\n\t\t\t\t\t\t<h2>GutNewsletter - Anmeldung<\/h2><p>Melde\u00a0dich zu unserem Newsletter an, um auf dem Laufenden zu bleiben.<\/p>\n\t\t\t\t\t<\/div>\n\t\t\t\t\t\t\n\t\t\t\t\t<\/div>\n\t\t\t\t<\/div>\n\t\t\t\t<div class=\"et_bloom_form_content et_bloom_1_field\">\n\t\t\t\t\t\n\t\t\t\t\t\n\t\t\t\t\t<form method=\"post\" class=\"clearfix\">\n\t\t\t\t\t\t<div class=\"et_bloom_fields\">\n\t\t\t\t\t\t\t\n\t\t\t\t\t\t\t<p class=\"et_bloom_popup_input et_bloom_subscribe_email\">\n\t\t\t\t\t\t\t\t<input placeholder=\"E-Mail *\">\n\t\t\t\t\t\t\t<\/p>\n\t\t\t\t\t\t\t<p class=\"et_bloom_custom_field et_bloom_fullwidth_field et_bloom_popup_input\"><input type=\"text\" name=\"et_bloom_custom_field_optin_4_VORNAME\" data-id=\"VORNAME\" placeholder=\"Vorname\" data-field_type=\"input\" data-required_mark=\"not_required\" \/><\/p><p class=\"et_bloom_custom_field et_bloom_fullwidth_field et_bloom_popup_input\"><input type=\"text\" name=\"et_bloom_custom_field_optin_4_NAME\" data-id=\"NAME\" placeholder=\"Nachname\" data-field_type=\"input\" data-required_mark=\"not_required\" \/><\/p><p class=\"et_bloom_custom_field et_bloom_fullwidth_field\"><input class=\"et_bloom_checkbox_handle\" type=\"hidden\" name=\"et_bloom_custom_field_optin_4_OPT_IN\" data-field_type=\"checkbox\" data-id=\"OPT_IN\" data-required_mark=\"required\">\n\t\t\t\t\t\t<span class=\"et_bloom_custom_field_options_wrapper\">\n\t\t\t\t\t\t\t<span class=\"et_bloom_custom_field_options_title\"><\/span>\n\t\t\t\t\t\t\t<span class=\"et_bloom_custom_field_options_list\"><span class=\"et_bloom_custom_field_checkbox\">\n\t\t\t\t\t\t\t\t<input type=\"checkbox\" id=\"et_bloom_custom_field_optin_4_OPT_IN_0\" value=\"Ich erkl\u00e4re mich damit einverstanden, dass meine Daten zur Bearbeitung meines Anliegens verwendet werden. Weitere Informationen zum Datenschutz und Widerruf findest du in der \" data-id=\"0\"\/>\n\t\t\t\t\t\t\t\t<label for=\"et_bloom_custom_field_optin_4_OPT_IN_0\"><i><\/i>Ich erkl\u00e4re mich damit einverstanden, dass meine Daten zur Bearbeitung meines Anliegens verwendet werden. Weitere Informationen zum Datenschutz und Widerruf findest du in der  <a href=\"\/datenschutz\">Datenschutzerkl\u00e4rung.*<\/a><\/label>\n\t\t\t\t\t\t\t<\/span><\/span>\n\t\t\t\t\t\t<\/span><\/p>\n\t\t\t\t\t\t\t<button data-optin_id=\"optin_4\" data-service=\"sendinblue\" data-list_id=\"10\" data-page_id=\"2414\" data-account=\"Gut von Beiden\" data-ip_address=\"false\" class=\"et_bloom_submit_subscription\">\n\t\t\t\t\t\t\t\t<span class=\"et_bloom_subscribe_loader\"><\/span>\n\t\t\t\t\t\t\t\t<span class=\"et_bloom_button_text et_bloom_button_text_color_light\">anmelden<\/span>\n\t\t\t\t\t\t\t<\/button>\n\t\t\t\t\t\t<\/div>\n\t\t\t\t\t<\/form>\n\t\t\t\t\t<div class=\"et_bloom_success_container\">\n\t\t\t\t\t\t<span class=\"et_bloom_success_checkmark\"><\/span>\n\t\t\t\t\t<\/div>\n\t\t\t\t\t<h2 class=\"et_bloom_success_message\">Du hast dich erfolgreich angemeldet! Bitte \u00fcberpr\u00fcfe deinen Posteingang, um dein Abonnement zu best\u00e4tigen.<\/h2>\n\t\t\t\t\t<div class=\"et_bloom_form_footer\"><p>Du kannst\u00a0den Newsletter jederzeit \u00fcber den Link in unserem Newsletter abbestellen.<\/p><\/div>\n\t\t\t\t<\/div>\n\t\t\t<\/div>\n\t\t\t<span class=\"et_bloom_close_button\"><\/span>\n\t\t\t\t<\/div>\n\t\t\t<\/div><\/p>\n","protected":false},"author":2,"featured_media":0,"parent":0,"menu_order":5000,"comment_status":"closed","ping_status":"closed","template":"","meta":{"_et_pb_use_builder":"on","_et_pb_old_content":"","_et_gb_content_width":"","footnotes":""},"dipi_cpt_category":[],"class_list":["post-2414","page","type-page","status-publish","hentry"],"yoast_head":"<!-- This site is optimized with the Yoast SEO plugin v27.1.1 - https:\/\/yoast.com\/product\/yoast-seo-wordpress\/ -->\n<title>Newsletter subscription - Weingut Philipp M\u00fcller<\/title>\n<meta name=\"robots\" content=\"noindex, follow\" \/>\n<meta property=\"og:locale\" content=\"en_US\" \/>\n<meta property=\"og:type\" content=\"article\" \/>\n<meta property=\"og:title\" content=\"Newsletter subscription - Weingut Philipp M\u00fcller\" \/>\n<meta property=\"og:description\" content=\"Newsletter subscription\" \/>\n<meta property=\"og:url\" content=\"https:\/\/gutvonbeiden.com\/en\/newsletter\/\" \/>\n<meta property=\"og:site_name\" content=\"Weingut Philipp M\u00fcller\" \/>\n<meta property=\"article:publisher\" content=\"https:\/\/www.facebook.com\/gutvonbeiden\" \/>\n<meta property=\"article:modified_time\" content=\"2023-02-24T13:37:52+00:00\" \/>\n<meta name=\"twitter:card\" content=\"summary_large_image\" \/>\n<meta name=\"twitter:label1\" content=\"Est. reading time\" \/>\n\t<meta name=\"twitter:data1\" content=\"1 minute\" \/>\n<script type=\"application\/ld+json\" class=\"yoast-schema-graph\">{\"@context\":\"https:\/\/schema.org\",\"@graph\":[{\"@type\":\"WebPage\",\"@id\":\"https:\/\/gutvonbeiden.com\/en\/newsletter\/\",\"url\":\"https:\/\/gutvonbeiden.com\/en\/newsletter\/\",\"name\":\"Newsletter subscription - Weingut Philipp M\u00fcller\",\"isPartOf\":{\"@id\":\"https:\/\/gutvonbeiden.com\/en\/#website\"},\"datePublished\":\"2022-10-18T10:09:30+00:00\",\"dateModified\":\"2023-02-24T13:37:52+00:00\",\"breadcrumb\":{\"@id\":\"https:\/\/gutvonbeiden.com\/en\/newsletter\/#breadcrumb\"},\"inLanguage\":\"en-US\",\"potentialAction\":[{\"@type\":\"ReadAction\",\"target\":[\"https:\/\/gutvonbeiden.com\/en\/newsletter\/\"]}]},{\"@type\":\"BreadcrumbList\",\"@id\":\"https:\/\/gutvonbeiden.com\/en\/newsletter\/#breadcrumb\",\"itemListElement\":[{\"@type\":\"ListItem\",\"position\":1,\"name\":\"Startseite\",\"item\":\"https:\/\/gutvonbeiden.com\/en\/homepage\/\"},{\"@type\":\"ListItem\",\"position\":2,\"name\":\"Newsletter subscription\"}]},{\"@type\":\"WebSite\",\"@id\":\"https:\/\/gutvonbeiden.com\/en\/#website\",\"url\":\"https:\/\/gutvonbeiden.com\/en\/\",\"name\":\"Weingut Philipp M\u00fcller\",\"description\":\"\",\"publisher\":{\"@id\":\"https:\/\/gutvonbeiden.com\/en\/#organization\"},\"potentialAction\":[{\"@type\":\"SearchAction\",\"target\":{\"@type\":\"EntryPoint\",\"urlTemplate\":\"https:\/\/gutvonbeiden.com\/en\/?s={search_term_string}\"},\"query-input\":{\"@type\":\"PropertyValueSpecification\",\"valueRequired\":true,\"valueName\":\"search_term_string\"}}],\"inLanguage\":\"en-US\"},{\"@type\":\"Organization\",\"@id\":\"https:\/\/gutvonbeiden.com\/en\/#organization\",\"name\":\"Gut von Beiden\",\"url\":\"https:\/\/gutvonbeiden.com\/en\/\",\"logo\":{\"@type\":\"ImageObject\",\"inLanguage\":\"en-US\",\"@id\":\"https:\/\/gutvonbeiden.com\/en\/#\/schema\/logo\/image\/\",\"url\":\"https:\/\/gutvonbeiden.com\/wp-content\/uploads\/gut-von-beiden-logo.svg\",\"contentUrl\":\"https:\/\/gutvonbeiden.com\/wp-content\/uploads\/gut-von-beiden-logo.svg\",\"width\":1,\"height\":1,\"caption\":\"Gut von Beiden\"},\"image\":{\"@id\":\"https:\/\/gutvonbeiden.com\/en\/#\/schema\/logo\/image\/\"},\"sameAs\":[\"https:\/\/www.facebook.com\/gutvonbeiden\",\"https:\/\/www.instagram.com\/gutvonbeiden\"]}]}<\/script>\n<!-- \/ Yoast SEO plugin. -->","yoast_head_json":{"title":"Newsletter subscription - Weingut Philipp M\u00fcller","robots":{"index":"noindex","follow":"follow"},"og_locale":"en_US","og_type":"article","og_title":"Newsletter subscription - Weingut Philipp M\u00fcller","og_description":"Newsletter subscription","og_url":"https:\/\/gutvonbeiden.com\/en\/newsletter\/","og_site_name":"Weingut Philipp M\u00fcller","article_publisher":"https:\/\/www.facebook.com\/gutvonbeiden","article_modified_time":"2023-02-24T13:37:52+00:00","twitter_card":"summary_large_image","twitter_misc":{"Est. reading time":"1 minute"},"schema":{"@context":"https:\/\/schema.org","@graph":[{"@type":"WebPage","@id":"https:\/\/gutvonbeiden.com\/en\/newsletter\/","url":"https:\/\/gutvonbeiden.com\/en\/newsletter\/","name":"Newsletter subscription - Weingut Philipp M\u00fcller","isPartOf":{"@id":"https:\/\/gutvonbeiden.com\/en\/#website"},"datePublished":"2022-10-18T10:09:30+00:00","dateModified":"2023-02-24T13:37:52+00:00","breadcrumb":{"@id":"https:\/\/gutvonbeiden.com\/en\/newsletter\/#breadcrumb"},"inLanguage":"en-US","potentialAction":[{"@type":"ReadAction","target":["https:\/\/gutvonbeiden.com\/en\/newsletter\/"]}]},{"@type":"BreadcrumbList","@id":"https:\/\/gutvonbeiden.com\/en\/newsletter\/#breadcrumb","itemListElement":[{"@type":"ListItem","position":1,"name":"Startseite","item":"https:\/\/gutvonbeiden.com\/en\/homepage\/"},{"@type":"ListItem","position":2,"name":"Newsletter subscription"}]},{"@type":"WebSite","@id":"https:\/\/gutvonbeiden.com\/en\/#website","url":"https:\/\/gutvonbeiden.com\/en\/","name":"Weingut Philipp M\u00fcller","description":"","publisher":{"@id":"https:\/\/gutvonbeiden.com\/en\/#organization"},"potentialAction":[{"@type":"SearchAction","target":{"@type":"EntryPoint","urlTemplate":"https:\/\/gutvonbeiden.com\/en\/?s={search_term_string}"},"query-input":{"@type":"PropertyValueSpecification","valueRequired":true,"valueName":"search_term_string"}}],"inLanguage":"en-US"},{"@type":"Organization","@id":"https:\/\/gutvonbeiden.com\/en\/#organization","name":"Gut von Beiden","url":"https:\/\/gutvonbeiden.com\/en\/","logo":{"@type":"ImageObject","inLanguage":"en-US","@id":"https:\/\/gutvonbeiden.com\/en\/#\/schema\/logo\/image\/","url":"https:\/\/gutvonbeiden.com\/wp-content\/uploads\/gut-von-beiden-logo.svg","contentUrl":"https:\/\/gutvonbeiden.com\/wp-content\/uploads\/gut-von-beiden-logo.svg","width":1,"height":1,"caption":"Gut von Beiden"},"image":{"@id":"https:\/\/gutvonbeiden.com\/en\/#\/schema\/logo\/image\/"},"sameAs":["https:\/\/www.facebook.com\/gutvonbeiden","https:\/\/www.instagram.com\/gutvonbeiden"]}]}},"_links":{"self":[{"href":"https:\/\/gutvonbeiden.com\/en\/wp-json\/wp\/v2\/pages\/2414","targetHints":{"allow":["GET"]}}],"collection":[{"href":"https:\/\/gutvonbeiden.com\/en\/wp-json\/wp\/v2\/pages"}],"about":[{"href":"https:\/\/gutvonbeiden.com\/en\/wp-json\/wp\/v2\/types\/page"}],"author":[{"embeddable":true,"href":"https:\/\/gutvonbeiden.com\/en\/wp-json\/wp\/v2\/users\/2"}],"replies":[{"embeddable":true,"href":"https:\/\/gutvonbeiden.com\/en\/wp-json\/wp\/v2\/comments?post=2414"}],"version-history":[{"count":2,"href":"https:\/\/gutvonbeiden.com\/en\/wp-json\/wp\/v2\/pages\/2414\/revisions"}],"predecessor-version":[{"id":2416,"href":"https:\/\/gutvonbeiden.com\/en\/wp-json\/wp\/v2\/pages\/2414\/revisions\/2416"}],"wp:attachment":[{"href":"https:\/\/gutvonbeiden.com\/en\/wp-json\/wp\/v2\/media?parent=2414"}],"wp:term":[{"taxonomy":"dipi_cpt_category","embeddable":true,"href":"https:\/\/gutvonbeiden.com\/en\/wp-json\/wp\/v2\/dipi_cpt_category?post=2414"}],"curies":[{"name":"wp","href":"https:\/\/api.w.org\/{rel}","templated":true}]}}